{"id":7612,"date":"2025-02-10T17:21:34","date_gmt":"2025-02-10T22:21:34","guid":{"rendered":"https:\/\/caeas-ecab-wp.azurewebsites.net\/page-daccueil\/"},"modified":"2025-06-13T12:27:02","modified_gmt":"2025-06-13T16:27:02","slug":"home","status":"publish","type":"page","link":"https:\/\/caeas-ecab.ca\/fr\/","title":{"rendered":"Page d&rsquo;accueil"},"content":{"rendered":"\t\t<div data-elementor-type=\"wp-post\" data-elementor-id=\"7612\" class=\"elementor elementor-7612 elementor-6695\" data-elementor-post-type=\"page\">\n\t\t\t\t<div class=\"elementor-element elementor-element-7c6cb68 e-flex e-con-boxed e-con e-parent\" data-id=\"7c6cb68\" data-element_type=\"container\" data-e-type=\"container\">\n\t\t\t\t\t<div class=\"e-con-inner\">\n\t\t<div class=\"elementor-element elementor-element-69afd0e e-con-full e-flex e-con e-child\" data-id=\"69afd0e\" data-element_type=\"container\" data-e-type=\"container\">\n\t\t<div class=\"elementor-element elementor-element-ed038d5 e-con-full e-flex e-con e-child\" data-id=\"ed038d5\" data-element_type=\"container\" data-e-type=\"container\">\n\t\t\t\t<div class=\"elementor-element elementor-element-9792811 elementor-widget elementor-widget-heading\" data-id=\"9792811\" data-element_type=\"widget\" data-e-type=\"widget\" data-widget_type=\"heading.default\">\n\t\t\t\t<div class=\"elementor-widget-container\">\n\t\t\t\t\t<h2 class=\"elementor-heading-title elementor-size-default\">Bienvenue au CAEAS-ECAB<\/h2>\t\t\t\t<\/div>\n\t\t\t\t<\/div>\n\t\t\t\t<div class=\"elementor-element elementor-element-d5431fd elementor-widget elementor-widget-text-editor\" data-id=\"d5431fd\" data-element_type=\"widget\" data-e-type=\"widget\" data-widget_type=\"text-editor.default\">\n\t\t\t\t<div class=\"elementor-widget-container\">\n\t\t\t\t\t\t\t\t\t<p>Le CAEAS-ECAB est le Conseil des associations en \u00e9ducation pour les avantages sociaux (CAEAS), ou Education Council of Associations for Benefits (ECAB), cr\u00e9\u00e9 pour soutenir les employ\u00e9s non syndiqu\u00e9s du secteur de l&rsquo;\u00e9ducation, comme vous! Notre r\u00f4le est de d\u00e9fendre vos int\u00e9r\u00eats dans le cadre du <a href=\"https:\/\/one-t.ca\/fr\/accueil\/caeas-ecab-accueil\/caeas-ecab-vos-avantages-sociaux\/\" target=\"_blank\" rel=\"noopener\">r\u00e9gime d&rsquo;avantages sociaux de la FENS\u00c9O<\/a>.<\/p>\n<p>En tant que fiducie de soins de sant\u00e9 au b\u00e9n\u00e9fice d&#8217;employ\u00e9s (FSSBE), la FENS\u00c9O a commenc\u00e9 \u00e0 fournir des prestations aux participants en 2018 et travaille pour que vous et votre famille continuiez \u00e0 avoir acc\u00e8s \u00e0 des avantages sociaux significatifs, abordables et durables, aujourd&rsquo;hui et \u00e0 l&rsquo;avenir.<\/p>\n<p>Ce site Web est con\u00e7u pour partager des informations et vous tenir au courant des nouvelles et des mises \u00e0 jour concernant le CAEAS-ECAB et vos avantages sociaux.<\/p>\t\t\t\t\t\t\t\t<\/div>\n\t\t\t\t<\/div>\n\t\t\t\t<\/div>\n\t\t<div class=\"elementor-element elementor-element-163e74d e-con-full e-flex e-con e-child\" data-id=\"163e74d\" data-element_type=\"container\" data-e-type=\"container\">\n\t\t<div class=\"elementor-element elementor-element-cbff143 e-con-full e-flex e-con e-child\" data-id=\"cbff143\" data-element_type=\"container\" data-e-type=\"container\" data-settings=\"{&quot;background_background&quot;:&quot;classic&quot;,&quot;shape_divider_bottom&quot;:&quot;triangle&quot;,&quot;shape_divider_bottom_negative&quot;:&quot;yes&quot;}\">\n\t\t\t\t<div class=\"elementor-shape elementor-shape-bottom\" aria-hidden=\"true\" data-negative=\"true\">\n\t\t\t<svg xmlns=\"http:\/\/www.w3.org\/2000\/svg\" viewBox=\"0 0 1000 100\" preserveAspectRatio=\"none\">\n\t<path class=\"elementor-shape-fill\" d=\"M500.2,94.7L0,0v100h1000V0L500.2,94.7z\"\/>\n<\/svg>\t\t<\/div>\n\t\t\t\t<div class=\"elementor-element elementor-element-17977a9 elementor-widget elementor-widget-heading\" data-id=\"17977a9\" data-element_type=\"widget\" data-e-type=\"widget\" data-widget_type=\"heading.default\">\n\t\t\t\t<div class=\"elementor-widget-container\">\n\t\t\t\t\t<h2 class=\"elementor-heading-title elementor-size-default\">Nouvelles<\/h2>\t\t\t\t<\/div>\n\t\t\t\t<\/div>\n\t\t<div class=\"elementor-element elementor-element-98a8ccc e-con-full e-flex e-con e-child\" data-id=\"98a8ccc\" data-element_type=\"container\" data-e-type=\"container\">\n\t\t\t\t<div class=\"elementor-element elementor-element-51d5575 elementor-grid-1 elementor-posts--thumbnail-none elementor-grid-tablet-1 elementor-grid-mobile-1 elementor-widget elementor-widget-global elementor-global-7171 elementor-widget-posts\" data-id=\"51d5575\" data-element_type=\"widget\" data-e-type=\"widget\" data-settings=\"{&quot;classic_columns&quot;:&quot;1&quot;,&quot;classic_row_gap&quot;:{&quot;unit&quot;:&quot;px&quot;,&quot;size&quot;:22,&quot;sizes&quot;:[]},&quot;classic_columns_tablet&quot;:&quot;1&quot;,&quot;classic_columns_mobile&quot;:&quot;1&quot;,&quot;classic_row_gap_tablet&quot;:{&quot;unit&quot;:&quot;px&quot;,&quot;size&quot;:&quot;&quot;,&quot;sizes&quot;:[]},&quot;classic_row_gap_mobile&quot;:{&quot;unit&quot;:&quot;px&quot;,&quot;size&quot;:&quot;&quot;,&quot;sizes&quot;:[]}}\" data-widget_type=\"posts.classic\">\n\t\t\t\t<div class=\"elementor-widget-container\">\n\t\t\t\t\t\t\t<div class=\"elementor-posts-container elementor-posts elementor-posts--skin-classic elementor-grid\" role=\"list\">\n\t\t\t\t<article class=\"elementor-post elementor-grid-item post-8684 post type-post status-publish format-standard has-post-thumbnail hentry category-non-categorise\" role=\"listitem\">\n\t\t\t\t<div class=\"elementor-post__text\">\n\t\t\t\t<h3 class=\"elementor-post__title\">\n\t\t\t<a href=\"https:\/\/caeas-ecab.ca\/fr\/une-note-sur-les-changements-a-venir-dans-votre-regime-davantages-sociaux\/\" >\n\t\t\t\tUne note sur les changements \u00e0 venir dans votre r\u00e9gime d&rsquo;avantages sociaux\t\t\t<\/a>\n\t\t<\/h3>\n\t\t\t\t<div class=\"elementor-post__meta-data\">\n\t\t\t\t\t<span class=\"elementor-post-date\">\n\t\t\t31 juillet 2025\t\t<\/span>\n\t\t\t\t<\/div>\n\t\t\n\t\t<a class=\"elementor-post__read-more\" href=\"https:\/\/caeas-ecab.ca\/fr\/une-note-sur-les-changements-a-venir-dans-votre-regime-davantages-sociaux\/\" aria-label=\"En savoir plus sur Une note sur les changements \u00e0 venir dans votre r\u00e9gime d&rsquo;avantages sociaux\" tabindex=\"-1\" >\n\t\t\tRead More\t\t<\/a>\n\n\t\t\t\t<\/div>\n\t\t\t\t<\/article>\n\t\t\t\t<article class=\"elementor-post elementor-grid-item post-8461 post type-post status-publish format-standard has-post-thumbnail hentry category-non-categorise\" role=\"listitem\">\n\t\t\t\t<div class=\"elementor-post__text\">\n\t\t\t\t<h3 class=\"elementor-post__title\">\n\t\t\t<a href=\"https:\/\/caeas-ecab.ca\/fr\/nouveau-site-web-du-caeas-ecab\/\" >\n\t\t\t\tNouveau site Web du CAEAS-ECAB\t\t\t<\/a>\n\t\t<\/h3>\n\t\t\t\t<div class=\"elementor-post__meta-data\">\n\t\t\t\t\t<span class=\"elementor-post-date\">\n\t\t\t22 avril 2025\t\t<\/span>\n\t\t\t\t<\/div>\n\t\t\n\t\t<a class=\"elementor-post__read-more\" href=\"https:\/\/caeas-ecab.ca\/fr\/nouveau-site-web-du-caeas-ecab\/\" aria-label=\"En savoir plus sur Nouveau site Web du CAEAS-ECAB\" tabindex=\"-1\" >\n\t\t\tRead More\t\t<\/a>\n\n\t\t\t\t<\/div>\n\t\t\t\t<\/article>\n\t\t\t\t<article class=\"elementor-post elementor-grid-item post-8459 post type-post status-publish format-standard has-post-thumbnail hentry category-non-categorise\" role=\"listitem\">\n\t\t\t\t<div class=\"elementor-post__text\">\n\t\t\t\t<h3 class=\"elementor-post__title\">\n\t\t\t<a href=\"https:\/\/caeas-ecab.ca\/fr\/tracy-dottori-renewed-as-trustee\/\" >\n\t\t\t\tTracy Dottori reconduite en tant que fiduciaire\t\t\t<\/a>\n\t\t<\/h3>\n\t\t\t\t<div class=\"elementor-post__meta-data\">\n\t\t\t\t\t<span class=\"elementor-post-date\">\n\t\t\t3 mars 2025\t\t<\/span>\n\t\t\t\t<\/div>\n\t\t\n\t\t<a class=\"elementor-post__read-more\" href=\"https:\/\/caeas-ecab.ca\/fr\/tracy-dottori-renewed-as-trustee\/\" aria-label=\"En savoir plus sur Tracy Dottori reconduite en tant que fiduciaire\" tabindex=\"-1\" >\n\t\t\tRead More\t\t<\/a>\n\n\t\t\t\t<\/div>\n\t\t\t\t<\/article>\n\t\t\t\t<\/div>\n\t\t\n\t\t\t\t\t\t<\/div>\n\t\t\t\t<\/div>\n\t\t\t\t<\/div>\n\t\t\t\t<div class=\"elementor-element elementor-element-8cd081a elementor-align-justify elementor-widget elementor-widget-button\" data-id=\"8cd081a\" data-element_type=\"widget\" data-e-type=\"widget\" data-widget_type=\"button.default\">\n\t\t\t\t<div class=\"elementor-widget-container\">\n\t\t\t\t\t\t\t\t\t<div class=\"elementor-button-wrapper\">\n\t\t\t\t\t<a class=\"elementor-button elementor-button-link elementor-size-sm\" href=\"https:\/\/caeas-ecab.ca\/fr\/ressources\/\">\n\t\t\t\t\t\t<span class=\"elementor-button-content-wrapper\">\n\t\t\t\t\t\t\t\t\t<span class=\"elementor-button-text\">Voir plus de nouvelles<\/span>\n\t\t\t\t\t<\/span>\n\t\t\t\t\t<\/a>\n\t\t\t\t<\/div>\n\t\t\t\t\t\t\t\t<\/div>\n\t\t\t\t<\/div>\n\t\t\t\t<\/div>\n\t\t\t\t<\/div>\n\t\t\t\t<\/div>\n\t\t<div class=\"elementor-element elementor-element-7c1247e e-con-full e-flex e-con e-child\" data-id=\"7c1247e\" data-element_type=\"container\" data-e-type=\"container\">\n\t\t<div class=\"elementor-element elementor-element-626cd75 e-con-full e-flex e-con e-child\" data-id=\"626cd75\" data-element_type=\"container\" data-e-type=\"container\">\n\t\t\t\t<div class=\"elementor-element elementor-element-3f718f6 elementor-position-top elementor-widget elementor-widget-image-box\" data-id=\"3f718f6\" data-element_type=\"widget\" data-e-type=\"widget\" data-widget_type=\"image-box.default\">\n\t\t\t\t<div class=\"elementor-widget-container\">\n\t\t\t\t\t<div class=\"elementor-image-box-wrapper\"><figure class=\"elementor-image-box-img\"><a href=\"https:\/\/caeas-ecab.ca\/fr\/realisateurs\/\" tabindex=\"-1\"><img fetchpriority=\"high\" decoding=\"async\" width=\"768\" height=\"432\" src=\"\/wp-content\/uploads\/business-meeting-01-16x9-1-768x432.webp\" class=\"attachment-medium_large size-medium_large wp-image-7799\" alt=\"R\u00e9union d&#039;affaires\" srcset=\"\/wp-content\/uploads\/business-meeting-01-16x9-1-768x432.webp 768w, \/wp-content\/uploads\/business-meeting-01-16x9-1-800x450.webp 800w, \/wp-content\/uploads\/business-meeting-01-16x9-1-1200x675.webp 1200w, \/wp-content\/uploads\/business-meeting-01-16x9-1-1536x864.webp 1536w, \/wp-content\/uploads\/business-meeting-01-16x9-1.webp 1920w\" sizes=\"(max-width: 768px) 100vw, 768px\" \/><\/a><\/figure><div class=\"elementor-image-box-content\"><h3 class=\"elementor-image-box-title\"><a href=\"https:\/\/caeas-ecab.ca\/fr\/realisateurs\/\">Administrateurs et dirigeants<\/a><\/h3><\/div><\/div>\t\t\t\t<\/div>\n\t\t\t\t<\/div>\n\t\t\t\t<\/div>\n\t\t<div class=\"elementor-element elementor-element-08985bd e-con-full e-flex e-con e-child\" data-id=\"08985bd\" data-element_type=\"container\" data-e-type=\"container\">\n\t\t\t\t<div class=\"elementor-element elementor-element-f1c440a elementor-position-top elementor-widget elementor-widget-image-box\" data-id=\"f1c440a\" data-element_type=\"widget\" data-e-type=\"widget\" data-widget_type=\"image-box.default\">\n\t\t\t\t<div class=\"elementor-widget-container\">\n\t\t\t\t\t<div class=\"elementor-image-box-wrapper\"><figure class=\"elementor-image-box-img\"><a href=\"https:\/\/caeas-ecab.ca\/fr\/ressources\/\" tabindex=\"-1\"><img decoding=\"async\" width=\"768\" height=\"432\" src=\"\/wp-content\/uploads\/2025\/02\/cellphone-01-16x9-1-768x432.webp\" class=\"attachment-medium_large size-medium_large wp-image-7575\" alt=\"T\u00e9l\u00e9phone mobile\" srcset=\"\/wp-content\/uploads\/2025\/02\/cellphone-01-16x9-1-768x432.webp 768w, \/wp-content\/uploads\/2025\/02\/cellphone-01-16x9-1-300x169.webp 300w, \/wp-content\/uploads\/2025\/02\/cellphone-01-16x9-1-1024x576.webp 1024w, \/wp-content\/uploads\/2025\/02\/cellphone-01-16x9-1-1536x864.webp 1536w, \/wp-content\/uploads\/2025\/02\/cellphone-01-16x9-1.webp 1920w\" sizes=\"(max-width: 768px) 100vw, 768px\" \/><\/a><\/figure><div class=\"elementor-image-box-content\"><h3 class=\"elementor-image-box-title\"><a href=\"https:\/\/caeas-ecab.ca\/fr\/ressources\/\">Infos et ressources<\/a><\/h3><\/div><\/div>\t\t\t\t<\/div>\n\t\t\t\t<\/div>\n\t\t\t\t<\/div>\n\t\t\t\t<\/div>\n\t\t\t\t\t<\/div>\n\t\t\t\t<\/div>\n\t\t<div class=\"elementor-element elementor-element-8a048f8 e-flex e-con-boxed e-con e-parent\" data-id=\"8a048f8\" data-element_type=\"container\" data-e-type=\"container\" data-settings=\"{&quot;background_background&quot;:&quot;classic&quot;}\">\n\t\t\t\t\t<div class=\"e-con-inner\">\n\t\t<div class=\"elementor-element elementor-element-d671955 e-con-full e-flex e-con e-child\" data-id=\"d671955\" data-element_type=\"container\" data-e-type=\"container\">\n\t\t<div class=\"elementor-element elementor-element-dd96737 e-con-full callout-box e-flex e-con e-child\" data-id=\"dd96737\" data-element_type=\"container\" data-e-type=\"container\">\n\t\t<div class=\"elementor-element elementor-element-99abbe8 e-con-full e-flex e-con e-child\" data-id=\"99abbe8\" data-element_type=\"container\" data-e-type=\"container\" data-settings=\"{&quot;background_background&quot;:&quot;classic&quot;}\">\n\t\t\t\t<\/div>\n\t\t<div class=\"elementor-element elementor-element-ef03f74 e-con-full e-flex e-con e-child\" data-id=\"ef03f74\" data-element_type=\"container\" data-e-type=\"container\" data-settings=\"{&quot;background_background&quot;:&quot;gradient&quot;}\">\n\t\t\t\t<div class=\"elementor-element elementor-element-b8bab25 elementor-widget elementor-widget-text-editor\" data-id=\"b8bab25\" data-element_type=\"widget\" data-e-type=\"widget\" data-widget_type=\"text-editor.default\">\n\t\t\t\t<div class=\"elementor-widget-container\">\n\t\t\t\t\t\t\t\t\t<p>Inscrivez-vous pour recevoir les mises \u00e0 jour du CAEAS-ECAB et restez inform\u00e9 ! L&rsquo;inscription prendra moins d&rsquo;une minute.<\/p>\t\t\t\t\t\t\t\t<\/div>\n\t\t\t\t<\/div>\n\t\t\t\t<div class=\"elementor-element elementor-element-d2ec3e1 elementor-align-left elementor-widget elementor-widget-button\" data-id=\"d2ec3e1\" data-element_type=\"widget\" data-e-type=\"widget\" data-widget_type=\"button.default\">\n\t\t\t\t<div class=\"elementor-widget-container\">\n\t\t\t\t\t\t\t\t\t<div class=\"elementor-button-wrapper\">\n\t\t\t\t\t<a class=\"elementor-button elementor-button-link elementor-size-sm\" href=\"https:\/\/caeas-ecab.ca\/fr\/registre\/\">\n\t\t\t\t\t\t<span class=\"elementor-button-content-wrapper\">\n\t\t\t\t\t\t\t\t\t<span class=\"elementor-button-text\">S'inscrire ici<\/span>\n\t\t\t\t\t<\/span>\n\t\t\t\t\t<\/a>\n\t\t\t\t<\/div>\n\t\t\t\t\t\t\t\t<\/div>\n\t\t\t\t<\/div>\n\t\t\t\t<\/div>\n\t\t\t\t<\/div>\n\t\t\t\t<\/div>\n\t\t\t\t\t<\/div>\n\t\t\t\t<\/div>\n\t\t\t\t<\/div>\n\t\t","protected":false},"excerpt":{"rendered":"<p>Bienvenue au CAEAS-ECAB Le CAEAS-ECAB est le Conseil des associations en \u00e9ducation pour les avantages sociaux (CAEAS), ou Education Council of Associations for Benefits (ECAB),<\/p>\n","protected":false},"author":9,"featured_media":7566,"parent":0,"menu_order":0,"comment_status":"closed","ping_status":"closed","template":"","meta":{"_monsterinsights_skip_tracking":false,"_monsterinsights_sitenote_active":false,"_monsterinsights_sitenote_note":"","_monsterinsights_sitenote_category":0,"footnotes":""},"class_list":["post-7612","page","type-page","status-publish","has-post-thumbnail","hentry"],"yoast_head":"<!-- This site is optimized with the Yoast SEO plugin v27.4 - https:\/\/yoast.com\/product\/yoast-seo-wordpress\/ -->\n<title>CAEAS-ECAB &#8211; Conseil Des Associations En \u00c9ducation Pour Les Avantages Sociaux<\/title>\n<meta name=\"robots\" content=\"index, follow, max-snippet:-1, max-image-preview:large, max-video-preview:-1\" \/>\n<link rel=\"canonical\" href=\"https:\/\/caeas-ecab.ca\/fr\/\" \/>\n<script type=\"application\/ld+json\" class=\"yoast-schema-graph\">{\"@context\":\"https:\\\/\\\/schema.org\",\"@graph\":[{\"@type\":\"WebPage\",\"@id\":\"https:\\\/\\\/caeas-ecab.ca\\\/fr\\\/\",\"url\":\"https:\\\/\\\/caeas-ecab.ca\\\/fr\\\/\",\"name\":\"CAEAS-ECAB &#8211; Conseil Des Associations En \u00c9ducation Pour Les Avantages Sociaux\",\"isPartOf\":{\"@id\":\"https:\\\/\\\/www.caeas-ecab.ca\\\/fr\\\/#website\"},\"primaryImageOfPage\":{\"@id\":\"https:\\\/\\\/caeas-ecab.ca\\\/fr\\\/#primaryimage\"},\"image\":{\"@id\":\"https:\\\/\\\/caeas-ecab.ca\\\/fr\\\/#primaryimage\"},\"thumbnailUrl\":\"\\\/wp-content\\\/uploads\\\/2025\\\/02\\\/indian-family-living-room-couch-01-16x9-1.webp\",\"datePublished\":\"2025-02-10T22:21:34+00:00\",\"dateModified\":\"2025-06-13T16:27:02+00:00\",\"breadcrumb\":{\"@id\":\"https:\\\/\\\/caeas-ecab.ca\\\/fr\\\/#breadcrumb\"},\"inLanguage\":\"fr-FR\",\"potentialAction\":[{\"@type\":\"ReadAction\",\"target\":[\"https:\\\/\\\/caeas-ecab.ca\\\/fr\\\/\"]}]},{\"@type\":\"ImageObject\",\"inLanguage\":\"fr-FR\",\"@id\":\"https:\\\/\\\/caeas-ecab.ca\\\/fr\\\/#primaryimage\",\"url\":\"\\\/wp-content\\\/uploads\\\/2025\\\/02\\\/indian-family-living-room-couch-01-16x9-1.webp\",\"contentUrl\":\"\\\/wp-content\\\/uploads\\\/2025\\\/02\\\/indian-family-living-room-couch-01-16x9-1.webp\",\"width\":1920,\"height\":1080,\"caption\":\"Famille indienne avec une tablette sur le canap\u00e9 du salon\"},{\"@type\":\"BreadcrumbList\",\"@id\":\"https:\\\/\\\/caeas-ecab.ca\\\/fr\\\/#breadcrumb\",\"itemListElement\":[{\"@type\":\"ListItem\",\"position\":1,\"name\":\"Home\",\"item\":\"https:\\\/\\\/caeas-ecab.ca\\\/fr\\\/\"},{\"@type\":\"ListItem\",\"position\":2,\"name\":\"Page d&rsquo;accueil\"}]},{\"@type\":\"WebSite\",\"@id\":\"https:\\\/\\\/www.caeas-ecab.ca\\\/fr\\\/#website\",\"url\":\"https:\\\/\\\/www.caeas-ecab.ca\\\/fr\\\/\",\"name\":\"CAEAS-ECAB\",\"description\":\"Conseil Des Associations En \u00c9ducation Pour Les Avantages Sociaux\",\"publisher\":{\"@id\":\"https:\\\/\\\/www.caeas-ecab.ca\\\/fr\\\/#organization\"},\"potentialAction\":[{\"@type\":\"SearchAction\",\"target\":{\"@type\":\"EntryPoint\",\"urlTemplate\":\"https:\\\/\\\/www.caeas-ecab.ca\\\/fr\\\/?s={search_term_string}\"},\"query-input\":{\"@type\":\"PropertyValueSpecification\",\"valueRequired\":true,\"valueName\":\"search_term_string\"}}],\"inLanguage\":\"fr-FR\"},{\"@type\":\"Organization\",\"@id\":\"https:\\\/\\\/www.caeas-ecab.ca\\\/fr\\\/#organization\",\"name\":\"CAEAS-ECAB\",\"url\":\"https:\\\/\\\/www.caeas-ecab.ca\\\/fr\\\/\",\"logo\":{\"@type\":\"ImageObject\",\"inLanguage\":\"fr-FR\",\"@id\":\"https:\\\/\\\/www.caeas-ecab.ca\\\/fr\\\/#\\\/schema\\\/logo\\\/image\\\/\",\"url\":\"\\\/wp-content\\\/uploads\\\/2025\\\/02\\\/caeas-ecab-logo-no-tagline-600w.webp\",\"contentUrl\":\"\\\/wp-content\\\/uploads\\\/2025\\\/02\\\/caeas-ecab-logo-no-tagline-600w.webp\",\"width\":600,\"height\":413,\"caption\":\"CAEAS-ECAB\"},\"image\":{\"@id\":\"https:\\\/\\\/www.caeas-ecab.ca\\\/fr\\\/#\\\/schema\\\/logo\\\/image\\\/\"}}]}<\/script>\n<!-- \/ Yoast SEO plugin. -->","yoast_head_json":{"title":"CAEAS-ECAB &#8211; Conseil Des Associations En \u00c9ducation Pour Les Avantages Sociaux","robots":{"index":"index","follow":"follow","max-snippet":"max-snippet:-1","max-image-preview":"max-image-preview:large","max-video-preview":"max-video-preview:-1"},"canonical":"https:\/\/caeas-ecab.ca\/fr\/","schema":{"@context":"https:\/\/schema.org","@graph":[{"@type":"WebPage","@id":"https:\/\/caeas-ecab.ca\/fr\/","url":"https:\/\/caeas-ecab.ca\/fr\/","name":"CAEAS-ECAB &#8211; Conseil Des Associations En \u00c9ducation Pour Les Avantages Sociaux","isPartOf":{"@id":"https:\/\/www.caeas-ecab.ca\/fr\/#website"},"primaryImageOfPage":{"@id":"https:\/\/caeas-ecab.ca\/fr\/#primaryimage"},"image":{"@id":"https:\/\/caeas-ecab.ca\/fr\/#primaryimage"},"thumbnailUrl":"\/wp-content\/uploads\/2025\/02\/indian-family-living-room-couch-01-16x9-1.webp","datePublished":"2025-02-10T22:21:34+00:00","dateModified":"2025-06-13T16:27:02+00:00","breadcrumb":{"@id":"https:\/\/caeas-ecab.ca\/fr\/#breadcrumb"},"inLanguage":"fr-FR","potentialAction":[{"@type":"ReadAction","target":["https:\/\/caeas-ecab.ca\/fr\/"]}]},{"@type":"ImageObject","inLanguage":"fr-FR","@id":"https:\/\/caeas-ecab.ca\/fr\/#primaryimage","url":"\/wp-content\/uploads\/2025\/02\/indian-family-living-room-couch-01-16x9-1.webp","contentUrl":"\/wp-content\/uploads\/2025\/02\/indian-family-living-room-couch-01-16x9-1.webp","width":1920,"height":1080,"caption":"Famille indienne avec une tablette sur le canap\u00e9 du salon"},{"@type":"BreadcrumbList","@id":"https:\/\/caeas-ecab.ca\/fr\/#breadcrumb","itemListElement":[{"@type":"ListItem","position":1,"name":"Home","item":"https:\/\/caeas-ecab.ca\/fr\/"},{"@type":"ListItem","position":2,"name":"Page d&rsquo;accueil"}]},{"@type":"WebSite","@id":"https:\/\/www.caeas-ecab.ca\/fr\/#website","url":"https:\/\/www.caeas-ecab.ca\/fr\/","name":"CAEAS-ECAB","description":"Conseil Des Associations En \u00c9ducation Pour Les Avantages Sociaux","publisher":{"@id":"https:\/\/www.caeas-ecab.ca\/fr\/#organization"},"potentialAction":[{"@type":"SearchAction","target":{"@type":"EntryPoint","urlTemplate":"https:\/\/www.caeas-ecab.ca\/fr\/?s={search_term_string}"},"query-input":{"@type":"PropertyValueSpecification","valueRequired":true,"valueName":"search_term_string"}}],"inLanguage":"fr-FR"},{"@type":"Organization","@id":"https:\/\/www.caeas-ecab.ca\/fr\/#organization","name":"CAEAS-ECAB","url":"https:\/\/www.caeas-ecab.ca\/fr\/","logo":{"@type":"ImageObject","inLanguage":"fr-FR","@id":"https:\/\/www.caeas-ecab.ca\/fr\/#\/schema\/logo\/image\/","url":"\/wp-content\/uploads\/2025\/02\/caeas-ecab-logo-no-tagline-600w.webp","contentUrl":"\/wp-content\/uploads\/2025\/02\/caeas-ecab-logo-no-tagline-600w.webp","width":600,"height":413,"caption":"CAEAS-ECAB"},"image":{"@id":"https:\/\/www.caeas-ecab.ca\/fr\/#\/schema\/logo\/image\/"}}]}},"_links":{"self":[{"href":"https:\/\/caeas-ecab.ca\/fr\/wp-json\/wp\/v2\/pages\/7612","targetHints":{"allow":["GET"]}}],"collection":[{"href":"https:\/\/caeas-ecab.ca\/fr\/wp-json\/wp\/v2\/pages"}],"about":[{"href":"https:\/\/caeas-ecab.ca\/fr\/wp-json\/wp\/v2\/types\/page"}],"author":[{"embeddable":true,"href":"https:\/\/caeas-ecab.ca\/fr\/wp-json\/wp\/v2\/users\/9"}],"replies":[{"embeddable":true,"href":"https:\/\/caeas-ecab.ca\/fr\/wp-json\/wp\/v2\/comments?post=7612"}],"version-history":[{"count":27,"href":"https:\/\/caeas-ecab.ca\/fr\/wp-json\/wp\/v2\/pages\/7612\/revisions"}],"predecessor-version":[{"id":8660,"href":"https:\/\/caeas-ecab.ca\/fr\/wp-json\/wp\/v2\/pages\/7612\/revisions\/8660"}],"wp:featuredmedia":[{"embeddable":true,"href":"https:\/\/caeas-ecab.ca\/fr\/wp-json\/wp\/v2\/media\/7566"}],"wp:attachment":[{"href":"https:\/\/caeas-ecab.ca\/fr\/wp-json\/wp\/v2\/media?parent=7612"}],"curies":[{"name":"wp","href":"https:\/\/api.w.org\/{rel}","templated":true}]}}